{"id":712,"date":"2022-11-24T19:17:44","date_gmt":"2022-11-24T18:17:44","guid":{"rendered":"http:\/\/www.koomi.fr\/?page_id=712"},"modified":"2022-11-24T22:03:02","modified_gmt":"2022-11-24T21:03:02","slug":"salon-international-dart-contemporain-bruxelles-2022","status":"publish","type":"page","link":"https:\/\/www.koomi.fr\/index.php\/salon-international-dart-contemporain-bruxelles-2022\/","title":{"rendered":"Salon international d&rsquo;art contemporain &#8211; Bruxelles 2022"},"content":{"rendered":"\n<p class=\"has-white-color has-text-color\">Poursuivant son chemin outre Qui\u00e9vrain, KOOMI, pr\u00e9sentera son travail au Salon International d&rsquo;Art Contemporain qui se tiendra du 25 au 27 novembre 2022 \u00e0 Bruxelles.<br><br>Toutes les informations pratiques sur le <a rel=\"noreferrer noopener\" href=\"https:\/\/www.art3f.fr\/bruxelles-fr\/\" target=\"_blank\">site de l&rsquo;expo.<\/a><\/p>\n\n\n\n<p><strong>Prix adulte :<\/strong> 10 euros<br><strong>Gratuit pour les mineurs accompagn\u00e9s<\/strong><\/p>\n\n\n\n<p><strong>Achetez vos tickets en ligne<\/strong><br>Pr\u00e9vente : 7\u20ac (+1.57\u20ac Frais)<br>Normal&nbsp;: 10\u20ac&nbsp;(+1.73\u20ac Frais)<br><br>Parkings \u00e0 proximit\u00e9<\/p>\n\n\n\n<p><a href=\"https:\/\/www.eventbrite.fr\/e\/billets-art3f-bruxelles-2022-376206613107?aff=ebdsoporgprofile\" target=\"_blank\" rel=\"noreferrer noopener\">Billeterie<\/a><\/p>\n\n\n\n<p class=\"has-white-color has-text-color\"><\/p>\n","protected":false},"excerpt":{"rendered":"<p>Poursuivant son chemin outre Qui\u00e9vrain, KOOMI, pr\u00e9sentera son travail au Salon International d&rsquo;Art Contemporain qui se tiendra du 25 au 27 novembre 2022 \u00e0 Bruxelles. Toutes les informations pratiques sur le site de l&rsquo;expo. Prix adulte : 10 eurosGratuit pour les mineurs accompagn\u00e9s Achetez vos tickets en lignePr\u00e9vente : 7\u20ac (+1.57\u20ac Frais)Normal&nbsp;: 10\u20ac&nbsp;(+1.73\u20ac Frais) Parkings [&hellip;]<\/p>\n","protected":false},"author":1,"featured_media":0,"parent":0,"menu_order":0,"comment_status":"closed","ping_status":"closed","template":"","meta":[],"_links":{"self":[{"href":"https:\/\/www.koomi.fr\/index.php\/wp-json\/wp\/v2\/pages\/712"}],"collection":[{"href":"https:\/\/www.koomi.fr\/index.php\/wp-json\/wp\/v2\/pages"}],"about":[{"href":"https:\/\/www.koomi.fr\/index.php\/wp-json\/wp\/v2\/types\/page"}],"author":[{"embeddable":true,"href":"https:\/\/www.koomi.fr\/index.php\/wp-json\/wp\/v2\/users\/1"}],"replies":[{"embeddable":true,"href":"https:\/\/www.koomi.fr\/index.php\/wp-json\/wp\/v2\/comments?post=712"}],"version-history":[{"count":7,"href":"https:\/\/www.koomi.fr\/index.php\/wp-json\/wp\/v2\/pages\/712\/revisions"}],"predecessor-version":[{"id":782,"href":"https:\/\/www.koomi.fr\/index.php\/wp-json\/wp\/v2\/pages\/712\/revisions\/782"}],"wp:attachment":[{"href":"https:\/\/www.koomi.fr\/index.php\/wp-json\/wp\/v2\/media?parent=712"}],"curies":[{"name":"wp","href":"https:\/\/api.w.org\/{rel}","templated":true}]}}