{"id":635,"date":"2022-02-23T10:54:33","date_gmt":"2022-02-23T09:54:33","guid":{"rendered":"http:\/\/www.koomi.fr\/?page_id=635"},"modified":"2022-03-10T17:47:53","modified_gmt":"2022-03-10T16:47:53","slug":"http-www-koomi-fr-index-php-2021-02-23-aylan-kurdi-laisse-de-mer-amor-fati-2016-2","status":"publish","type":"page","link":"https:\/\/www.koomi.fr\/index.php\/les-sculptures\/http-www-koomi-fr-index-php-2021-02-23-aylan-kurdi-laisse-de-mer-amor-fati-2016-2\/","title":{"rendered":"\u00ab Aylan Kurdi, Laisse de mer \u2013 Amor Fati \u00bb \u2013 2016 &#8211; L&rsquo;\u0153uvre en gestation"},"content":{"rendered":"\n<p class=\"has-text-align-center\"><strong><strong>Dans l&rsquo;atelier de KOOMI<\/strong><br><strong>Les diff\u00e9rentes \u00e9tapes de la cr\u00e9ation de l&rsquo;\u0153uvre<\/strong><\/strong><\/p>\n\n\n\n<figure class=\"wp-block-gallery columns-3 is-cropped\">\n<ul class=\"blocks-gallery-grid\">\n\n<li class=\"blocks-gallery-item\"><figure><a href=\"http:\/\/www.koomi.fr\/wp-content\/uploads\/2022\/01\/2016-03-Laisse-de-mer-Amor-fati-2-803x1024.jpg\" target=\"_blank\" rel=\"noopener\"><img loading=\"lazy\" width=\"803\" height=\"1024\" src=\"http:\/\/www.koomi.fr\/wp-content\/uploads\/2022\/01\/2016-03-Laisse-de-mer-Amor-fati-2-803x1024.jpg\" alt=\"\" data-id=\"561\" data-link=\"http:\/\/www.koomi.fr\/?attachment_id=561\" class=\"wp-image-561\" srcset=\"https:\/\/www.koomi.fr\/wp-content\/uploads\/2022\/01\/2016-03-Laisse-de-mer-Amor-fati-2-803x1024.jpg 803w, https:\/\/www.koomi.fr\/wp-content\/uploads\/2022\/01\/2016-03-Laisse-de-mer-Amor-fati-2-235x300.jpg 235w, https:\/\/www.koomi.fr\/wp-content\/uploads\/2022\/01\/2016-03-Laisse-de-mer-Amor-fati-2-768x979.jpg 768w, https:\/\/www.koomi.fr\/wp-content\/uploads\/2022\/01\/2016-03-Laisse-de-mer-Amor-fati-2-1205x1536.jpg 1205w, https:\/\/www.koomi.fr\/wp-content\/uploads\/2022\/01\/2016-03-Laisse-de-mer-Amor-fati-2-1240x1581.jpg 1240w, https:\/\/www.koomi.fr\/wp-content\/uploads\/2022\/01\/2016-03-Laisse-de-mer-Amor-fati-2-508x648.jpg 508w, https:\/\/www.koomi.fr\/wp-content\/uploads\/2022\/01\/2016-03-Laisse-de-mer-Amor-fati-2-rotated.jpg 1505w\" sizes=\"(max-width: 803px) 100vw, 803px\" \/><\/a><\/figure><\/li>\n\n<li class=\"blocks-gallery-item\"><figure><a href=\"http:\/\/www.koomi.fr\/wp-content\/uploads\/2022\/01\/2016-03-Laisse-de-mer-Amor-fati-3-1024x1024.jpg\" target=\"_blank\" rel=\"noopener\"><img loading=\"lazy\" width=\"1024\" height=\"1024\" src=\"http:\/\/www.koomi.fr\/wp-content\/uploads\/2022\/01\/2016-03-Laisse-de-mer-Amor-fati-3-1024x1024.jpg\" alt=\"\" data-id=\"562\" data-link=\"http:\/\/www.koomi.fr\/?attachment_id=562\" class=\"wp-image-562\" srcset=\"https:\/\/www.koomi.fr\/wp-content\/uploads\/2022\/01\/2016-03-Laisse-de-mer-Amor-fati-3-1024x1024.jpg 1024w, https:\/\/www.koomi.fr\/wp-content\/uploads\/2022\/01\/2016-03-Laisse-de-mer-Amor-fati-3-300x300.jpg 300w, https:\/\/www.koomi.fr\/wp-content\/uploads\/2022\/01\/2016-03-Laisse-de-mer-Amor-fati-3-150x150.jpg 150w, https:\/\/www.koomi.fr\/wp-content\/uploads\/2022\/01\/2016-03-Laisse-de-mer-Amor-fati-3-768x768.jpg 768w, https:\/\/www.koomi.fr\/wp-content\/uploads\/2022\/01\/2016-03-Laisse-de-mer-Amor-fati-3-1536x1536.jpg 1536w, https:\/\/www.koomi.fr\/wp-content\/uploads\/2022\/01\/2016-03-Laisse-de-mer-Amor-fati-3-2048x2048.jpg 2048w, https:\/\/www.koomi.fr\/wp-content\/uploads\/2022\/01\/2016-03-Laisse-de-mer-Amor-fati-3-1240x1240.jpg 1240w, https:\/\/www.koomi.fr\/wp-content\/uploads\/2022\/01\/2016-03-Laisse-de-mer-Amor-fati-3-508x508.jpg 508w\" sizes=\"(max-width: 1024px) 100vw, 1024px\" \/><\/a><\/figure><\/li>\n\n<li class=\"blocks-gallery-item\"><figure><a href=\"http:\/\/www.koomi.fr\/wp-content\/uploads\/2022\/01\/2016-03-Laisse-de-mer-Amor-fati-4-1024x1024.jpg\" target=\"_blank\" rel=\"noopener\"><img loading=\"lazy\" width=\"1024\" height=\"1024\" src=\"http:\/\/www.koomi.fr\/wp-content\/uploads\/2022\/01\/2016-03-Laisse-de-mer-Amor-fati-4-1024x1024.jpg\" alt=\"\" data-id=\"563\" data-link=\"http:\/\/www.koomi.fr\/?attachment_id=563\" class=\"wp-image-563\" srcset=\"https:\/\/www.koomi.fr\/wp-content\/uploads\/2022\/01\/2016-03-Laisse-de-mer-Amor-fati-4-1024x1024.jpg 1024w, https:\/\/www.koomi.fr\/wp-content\/uploads\/2022\/01\/2016-03-Laisse-de-mer-Amor-fati-4-300x300.jpg 300w, https:\/\/www.koomi.fr\/wp-content\/uploads\/2022\/01\/2016-03-Laisse-de-mer-Amor-fati-4-150x150.jpg 150w, https:\/\/www.koomi.fr\/wp-content\/uploads\/2022\/01\/2016-03-Laisse-de-mer-Amor-fati-4-768x768.jpg 768w, https:\/\/www.koomi.fr\/wp-content\/uploads\/2022\/01\/2016-03-Laisse-de-mer-Amor-fati-4-1536x1536.jpg 1536w, https:\/\/www.koomi.fr\/wp-content\/uploads\/2022\/01\/2016-03-Laisse-de-mer-Amor-fati-4-2048x2048.jpg 2048w, https:\/\/www.koomi.fr\/wp-content\/uploads\/2022\/01\/2016-03-Laisse-de-mer-Amor-fati-4-1240x1240.jpg 1240w, https:\/\/www.koomi.fr\/wp-content\/uploads\/2022\/01\/2016-03-Laisse-de-mer-Amor-fati-4-508x508.jpg 508w\" sizes=\"(max-width: 1024px) 100vw, 1024px\" \/><\/a><\/figure><\/li>\n\n<li class=\"blocks-gallery-item\"><figure><a href=\"http:\/\/www.koomi.fr\/wp-content\/uploads\/2022\/01\/2016-03-Laisse-de-mer-Amor-fati-5-1024x1024.jpg\" target=\"_blank\" rel=\"noopener\"><img loading=\"lazy\" width=\"1024\" height=\"1024\" src=\"http:\/\/www.koomi.fr\/wp-content\/uploads\/2022\/01\/2016-03-Laisse-de-mer-Amor-fati-5-1024x1024.jpg\" alt=\"\" data-id=\"564\" data-link=\"http:\/\/www.koomi.fr\/?attachment_id=564\" class=\"wp-image-564\" srcset=\"https:\/\/www.koomi.fr\/wp-content\/uploads\/2022\/01\/2016-03-Laisse-de-mer-Amor-fati-5-1024x1024.jpg 1024w, https:\/\/www.koomi.fr\/wp-content\/uploads\/2022\/01\/2016-03-Laisse-de-mer-Amor-fati-5-300x300.jpg 300w, https:\/\/www.koomi.fr\/wp-content\/uploads\/2022\/01\/2016-03-Laisse-de-mer-Amor-fati-5-150x150.jpg 150w, https:\/\/www.koomi.fr\/wp-content\/uploads\/2022\/01\/2016-03-Laisse-de-mer-Amor-fati-5-768x768.jpg 768w, https:\/\/www.koomi.fr\/wp-content\/uploads\/2022\/01\/2016-03-Laisse-de-mer-Amor-fati-5-1536x1536.jpg 1536w, https:\/\/www.koomi.fr\/wp-content\/uploads\/2022\/01\/2016-03-Laisse-de-mer-Amor-fati-5-2048x2048.jpg 2048w, https:\/\/www.koomi.fr\/wp-content\/uploads\/2022\/01\/2016-03-Laisse-de-mer-Amor-fati-5-1240x1240.jpg 1240w, https:\/\/www.koomi.fr\/wp-content\/uploads\/2022\/01\/2016-03-Laisse-de-mer-Amor-fati-5-508x508.jpg 508w\" sizes=\"(max-width: 1024px) 100vw, 1024px\" \/><\/a><\/figure><\/li>\n\n<li class=\"blocks-gallery-item\"><figure><a href=\"http:\/\/www.koomi.fr\/wp-content\/uploads\/2022\/01\/2016-03-Laisse-de-mer-Amor-fati-6-1024x1024.jpg\" target=\"_blank\" rel=\"noopener\"><img loading=\"lazy\" width=\"1024\" height=\"1024\" src=\"http:\/\/www.koomi.fr\/wp-content\/uploads\/2022\/01\/2016-03-Laisse-de-mer-Amor-fati-6-1024x1024.jpg\" alt=\"\" data-id=\"565\" data-link=\"http:\/\/www.koomi.fr\/?attachment_id=565\" class=\"wp-image-565\" srcset=\"https:\/\/www.koomi.fr\/wp-content\/uploads\/2022\/01\/2016-03-Laisse-de-mer-Amor-fati-6-1024x1024.jpg 1024w, https:\/\/www.koomi.fr\/wp-content\/uploads\/2022\/01\/2016-03-Laisse-de-mer-Amor-fati-6-300x300.jpg 300w, https:\/\/www.koomi.fr\/wp-content\/uploads\/2022\/01\/2016-03-Laisse-de-mer-Amor-fati-6-150x150.jpg 150w, https:\/\/www.koomi.fr\/wp-content\/uploads\/2022\/01\/2016-03-Laisse-de-mer-Amor-fati-6-768x768.jpg 768w, https:\/\/www.koomi.fr\/wp-content\/uploads\/2022\/01\/2016-03-Laisse-de-mer-Amor-fati-6-1536x1536.jpg 1536w, https:\/\/www.koomi.fr\/wp-content\/uploads\/2022\/01\/2016-03-Laisse-de-mer-Amor-fati-6-2048x2048.jpg 2048w, https:\/\/www.koomi.fr\/wp-content\/uploads\/2022\/01\/2016-03-Laisse-de-mer-Amor-fati-6-1240x1240.jpg 1240w, https:\/\/www.koomi.fr\/wp-content\/uploads\/2022\/01\/2016-03-Laisse-de-mer-Amor-fati-6-508x508.jpg 508w\" sizes=\"(max-width: 1024px) 100vw, 1024px\" \/><\/a><\/figure><\/li>\n\n<li class=\"blocks-gallery-item\"><figure><a href=\"http:\/\/www.koomi.fr\/wp-content\/uploads\/2022\/01\/2016-03-Laisse-de-mer-Amor-fati-7-1024x1024.jpg\" target=\"_blank\" rel=\"noopener\"><img loading=\"lazy\" width=\"1024\" height=\"1024\" src=\"http:\/\/www.koomi.fr\/wp-content\/uploads\/2022\/01\/2016-03-Laisse-de-mer-Amor-fati-7-1024x1024.jpg\" alt=\"\" data-id=\"566\" data-link=\"http:\/\/www.koomi.fr\/?attachment_id=566\" class=\"wp-image-566\" srcset=\"https:\/\/www.koomi.fr\/wp-content\/uploads\/2022\/01\/2016-03-Laisse-de-mer-Amor-fati-7-1024x1024.jpg 1024w, https:\/\/www.koomi.fr\/wp-content\/uploads\/2022\/01\/2016-03-Laisse-de-mer-Amor-fati-7-300x300.jpg 300w, https:\/\/www.koomi.fr\/wp-content\/uploads\/2022\/01\/2016-03-Laisse-de-mer-Amor-fati-7-150x150.jpg 150w, https:\/\/www.koomi.fr\/wp-content\/uploads\/2022\/01\/2016-03-Laisse-de-mer-Amor-fati-7-768x768.jpg 768w, https:\/\/www.koomi.fr\/wp-content\/uploads\/2022\/01\/2016-03-Laisse-de-mer-Amor-fati-7-1536x1536.jpg 1536w, https:\/\/www.koomi.fr\/wp-content\/uploads\/2022\/01\/2016-03-Laisse-de-mer-Amor-fati-7-2048x2048.jpg 2048w, https:\/\/www.koomi.fr\/wp-content\/uploads\/2022\/01\/2016-03-Laisse-de-mer-Amor-fati-7-1240x1240.jpg 1240w, https:\/\/www.koomi.fr\/wp-content\/uploads\/2022\/01\/2016-03-Laisse-de-mer-Amor-fati-7-508x508.jpg 508w\" sizes=\"(max-width: 1024px) 100vw, 1024px\" \/><\/a><\/figure><\/li>\n\n<li class=\"blocks-gallery-item\"><figure><a href=\"http:\/\/www.koomi.fr\/wp-content\/uploads\/2022\/01\/2016-03-Laisse-de-mer-Amor-fati-8-1024x1024.jpg\" target=\"_blank\" rel=\"noopener\"><img loading=\"lazy\" width=\"1024\" height=\"1024\" src=\"http:\/\/www.koomi.fr\/wp-content\/uploads\/2022\/01\/2016-03-Laisse-de-mer-Amor-fati-8-1024x1024.jpg\" alt=\"\" data-id=\"567\" data-link=\"http:\/\/www.koomi.fr\/?attachment_id=567\" class=\"wp-image-567\" srcset=\"https:\/\/www.koomi.fr\/wp-content\/uploads\/2022\/01\/2016-03-Laisse-de-mer-Amor-fati-8-1024x1024.jpg 1024w, https:\/\/www.koomi.fr\/wp-content\/uploads\/2022\/01\/2016-03-Laisse-de-mer-Amor-fati-8-300x300.jpg 300w, https:\/\/www.koomi.fr\/wp-content\/uploads\/2022\/01\/2016-03-Laisse-de-mer-Amor-fati-8-150x150.jpg 150w, https:\/\/www.koomi.fr\/wp-content\/uploads\/2022\/01\/2016-03-Laisse-de-mer-Amor-fati-8-768x768.jpg 768w, https:\/\/www.koomi.fr\/wp-content\/uploads\/2022\/01\/2016-03-Laisse-de-mer-Amor-fati-8-1536x1536.jpg 1536w, https:\/\/www.koomi.fr\/wp-content\/uploads\/2022\/01\/2016-03-Laisse-de-mer-Amor-fati-8-2048x2048.jpg 2048w, https:\/\/www.koomi.fr\/wp-content\/uploads\/2022\/01\/2016-03-Laisse-de-mer-Amor-fati-8-1240x1240.jpg 1240w, https:\/\/www.koomi.fr\/wp-content\/uploads\/2022\/01\/2016-03-Laisse-de-mer-Amor-fati-8-508x508.jpg 508w\" sizes=\"(max-width: 1024px) 100vw, 1024px\" \/><\/a><\/figure><\/li>\n\n<li class=\"blocks-gallery-item\"><figure><a href=\"http:\/\/www.koomi.fr\/wp-content\/uploads\/2022\/01\/2016-03-Laisse-de-mer-Amor-fati-9-1024x1024.jpg\" target=\"_blank\" rel=\"noopener\"><img loading=\"lazy\" width=\"1024\" height=\"1024\" src=\"http:\/\/www.koomi.fr\/wp-content\/uploads\/2022\/01\/2016-03-Laisse-de-mer-Amor-fati-9-1024x1024.jpg\" alt=\"\" data-id=\"568\" data-link=\"http:\/\/www.koomi.fr\/?attachment_id=568\" class=\"wp-image-568\" srcset=\"https:\/\/www.koomi.fr\/wp-content\/uploads\/2022\/01\/2016-03-Laisse-de-mer-Amor-fati-9-1024x1024.jpg 1024w, https:\/\/www.koomi.fr\/wp-content\/uploads\/2022\/01\/2016-03-Laisse-de-mer-Amor-fati-9-300x300.jpg 300w, https:\/\/www.koomi.fr\/wp-content\/uploads\/2022\/01\/2016-03-Laisse-de-mer-Amor-fati-9-150x150.jpg 150w, https:\/\/www.koomi.fr\/wp-content\/uploads\/2022\/01\/2016-03-Laisse-de-mer-Amor-fati-9-768x768.jpg 768w, https:\/\/www.koomi.fr\/wp-content\/uploads\/2022\/01\/2016-03-Laisse-de-mer-Amor-fati-9-1536x1536.jpg 1536w, https:\/\/www.koomi.fr\/wp-content\/uploads\/2022\/01\/2016-03-Laisse-de-mer-Amor-fati-9-2048x2048.jpg 2048w, https:\/\/www.koomi.fr\/wp-content\/uploads\/2022\/01\/2016-03-Laisse-de-mer-Amor-fati-9-1240x1240.jpg 1240w, https:\/\/www.koomi.fr\/wp-content\/uploads\/2022\/01\/2016-03-Laisse-de-mer-Amor-fati-9-508x508.jpg 508w\" sizes=\"(max-width: 1024px) 100vw, 1024px\" \/><\/a><\/figure><\/li><\/ul><\/figure>\n\n\n\n<p>Retrouvez l&rsquo;<a href=\"http:\/\/www.koomi.fr\/index.php\/2022\/01\/05\/aylan-kurdi-laisse-de-mer-amor-fati-2016\/\">\u0153uvre achev\u00e9e<\/a><\/p>\n","protected":false},"excerpt":{"rendered":"<p>Dans l&rsquo;atelier de KOOMILes diff\u00e9rentes \u00e9tapes de la cr\u00e9ation de l&rsquo;\u0153uvre Retrouvez l&rsquo;\u0153uvre achev\u00e9e<\/p>\n","protected":false},"author":1,"featured_media":0,"parent":114,"menu_order":0,"comment_status":"closed","ping_status":"closed","template":"","meta":[],"_links":{"self":[{"href":"https:\/\/www.koomi.fr\/index.php\/wp-json\/wp\/v2\/pages\/635"}],"collection":[{"href":"https:\/\/www.koomi.fr\/index.php\/wp-json\/wp\/v2\/pages"}],"about":[{"href":"https:\/\/www.koomi.fr\/index.php\/wp-json\/wp\/v2\/types\/page"}],"author":[{"embeddable":true,"href":"https:\/\/www.koomi.fr\/index.php\/wp-json\/wp\/v2\/users\/1"}],"replies":[{"embeddable":true,"href":"https:\/\/www.koomi.fr\/index.php\/wp-json\/wp\/v2\/comments?post=635"}],"version-history":[{"count":9,"href":"https:\/\/www.koomi.fr\/index.php\/wp-json\/wp\/v2\/pages\/635\/revisions"}],"predecessor-version":[{"id":662,"href":"https:\/\/www.koomi.fr\/index.php\/wp-json\/wp\/v2\/pages\/635\/revisions\/662"}],"up":[{"embeddable":true,"href":"https:\/\/www.koomi.fr\/index.php\/wp-json\/wp\/v2\/pages\/114"}],"wp:attachment":[{"href":"https:\/\/www.koomi.fr\/index.php\/wp-json\/wp\/v2\/media?parent=635"}],"curies":[{"name":"wp","href":"https:\/\/api.w.org\/{rel}","templated":true}]}}