{"id":556,"date":"2021-12-27T16:56:50","date_gmt":"2021-12-27T15:56:50","guid":{"rendered":"http:\/\/www.koomi.fr\/?page_id=556"},"modified":"2021-12-27T16:56:50","modified_gmt":"2021-12-27T15:56:50","slug":"exposition-a-deauville-2021","status":"publish","type":"page","link":"https:\/\/www.koomi.fr\/index.php\/exposition-a-deauville-2021\/","title":{"rendered":"Exposition \u00e0 Deauville &#8211; 2021"},"content":{"rendered":"\n<p class=\"has-white-color has-text-color\">Pour sa premi\u00e8re exposition, KOOMI, pr\u00e9sentera son travail au Salon International d&rsquo;Art Contemporain qui se tiendra du 30 octobre au 1er novembre prochain \u00e0 Deauville.<br><br>En avant premi\u00e8re, d\u00e9couvrez la page consacr\u00e9e \u00e0 <a rel=\"noreferrer noopener\" href=\"https:\/\/www.artshopping-expo.com\/info_artiste\/12953\/koomi.html\" target=\"_blank\">KOOMI<\/a>.<br><br>Toutes les informations pratiques sur le <a rel=\"noreferrer noopener\" href=\"https:\/\/www.artshopping-expo.com\/\" target=\"_blank\">site de l&rsquo;expo.<\/a><\/p>\n\n\n\n<p><\/p>\n\n\n\n<p class=\"has-white-color has-text-color\"><strong>ART SHOPPING DEAUVILLE \u2013 30 octobre au 1er novembre 2021<\/strong><\/p>\n\n\n\n<p class=\"has-white-color has-text-color\"><strong>C.I.D Deauville<\/strong><br><strong>1 avenue Lucien Barri\u00e8re<\/strong><br><strong>14800 Deauville<\/strong><\/p>\n\n\n\n<p class=\"has-white-color has-text-color\">Horaires&nbsp;:<br>Samedi 30 octobre&nbsp;: 11h-19h<br>Dimanche 31 octobre&nbsp;: 11h-19h<br>Lundi 1er novembre&nbsp;: 11h-18h<\/p>\n\n\n\n<p class=\"has-white-color has-text-color\"><em>Entr\u00e9e libre sur pr\u00e9sentation de l\u2019invitation t\u00e9l\u00e9charg\u00e9e sur <a href=\"https:\/\/www.artshopping-expo.com\/communaute.php\" target=\"_blank\" rel=\"noreferrer noopener\">http:\/\/www.artshopping-expo.com\/communaute.php<\/a><\/em><\/p>\n\n\n\n<p class=\"has-white-color has-text-color\">Parkings \u00e0 proximit\u00e9<\/p>\n","protected":false},"excerpt":{"rendered":"<p>Pour sa premi\u00e8re exposition, KOOMI, pr\u00e9sentera son travail au Salon International d&rsquo;Art Contemporain qui se tiendra du 30 octobre au 1er novembre prochain \u00e0 Deauville. En avant premi\u00e8re, d\u00e9couvrez la page consacr\u00e9e \u00e0 KOOMI. Toutes les informations pratiques sur le site de l&rsquo;expo. ART SHOPPING DEAUVILLE \u2013 30 octobre au 1er novembre 2021 C.I.D Deauville1 [&hellip;]<\/p>\n","protected":false},"author":1,"featured_media":552,"parent":0,"menu_order":0,"comment_status":"closed","ping_status":"closed","template":"","meta":[],"_links":{"self":[{"href":"https:\/\/www.koomi.fr\/index.php\/wp-json\/wp\/v2\/pages\/556"}],"collection":[{"href":"https:\/\/www.koomi.fr\/index.php\/wp-json\/wp\/v2\/pages"}],"about":[{"href":"https:\/\/www.koomi.fr\/index.php\/wp-json\/wp\/v2\/types\/page"}],"author":[{"embeddable":true,"href":"https:\/\/www.koomi.fr\/index.php\/wp-json\/wp\/v2\/users\/1"}],"replies":[{"embeddable":true,"href":"https:\/\/www.koomi.fr\/index.php\/wp-json\/wp\/v2\/comments?post=556"}],"version-history":[{"count":1,"href":"https:\/\/www.koomi.fr\/index.php\/wp-json\/wp\/v2\/pages\/556\/revisions"}],"predecessor-version":[{"id":557,"href":"https:\/\/www.koomi.fr\/index.php\/wp-json\/wp\/v2\/pages\/556\/revisions\/557"}],"wp:featuredmedia":[{"embeddable":true,"href":"https:\/\/www.koomi.fr\/index.php\/wp-json\/wp\/v2\/media\/552"}],"wp:attachment":[{"href":"https:\/\/www.koomi.fr\/index.php\/wp-json\/wp\/v2\/media?parent=556"}],"curies":[{"name":"wp","href":"https:\/\/api.w.org\/{rel}","templated":true}]}}